{"id":101,"date":"2021-07-28T17:09:36","date_gmt":"2021-07-28T17:09:36","guid":{"rendered":"http:\/\/cieae2022.uclm.es\/?page_id=101"},"modified":"2022-03-04T11:37:40","modified_gmt":"2022-03-04T10:37:40","slug":"como-llegar","status":"publish","type":"page","link":"https:\/\/vciea-cea.uclm.es\/Congreso2022\/?page_id=101","title":{"rendered":"C\u00f3mo llegar"},"content":{"rendered":"<h3>DESPLAZAMIENTO A CUENCA DESDE EL AEROPUERTO DE MADRID-BARAJAS<strong>\u00a0<\/strong><\/h3>\n<h3><strong>En AVE (Tren de Alta Velocidad)<\/strong><\/h3>\n<p>Se puede acceder desde aeropuerto a la estaci\u00f3n Puerta de Atocha en taxi, metro [estaci\u00f3n\u00a0<strong>Atocha Renfe<\/strong>, l\u00ednea 1] o autob\u00fas urbano.<\/p>\n<p>Se pueden consultar horarios y comprar billetes en l\u00ednea desde la p\u00e1gina\u00a0<a href=\"http:\/\/www.renfe.com\/\" target=\"_blank\" rel=\"noopener\">www.renfe.com<\/a>.<\/p>\n<p><strong>Informaci\u00f3n:<\/strong>\u00a0(0034) 902 24 02 02.<\/p>\n<p><strong>Plano del metro de Madrid:\u00a0<\/strong>Se puede consultar en\u00a0<a href=\"http:\/\/www.metromadrid.es\/es\/viaja_en_metro\/red_de_metro\/planos\/index.html\" target=\"_blank\" rel=\"noopener\">esta web<\/a>.<\/p>\n<p><strong>Autobuses urbanos en Madrid:\u00a0<\/strong>Los trayectos y horarios se pueden consultar en la web de la\u00a0<a href=\"http:\/\/www.emtmadrid.es\/\" target=\"_blank\" rel=\"noopener\">Empresa Municipal de Transportes de Madrid<\/a>.<\/p>\n<h3><strong>En autob\u00fas<\/strong><\/h3>\n<p>En Madrid se puede acceder del aeropuerto a la\u00a0<strong>Estaci\u00f3n del Sur o Estaci\u00f3n de autobuses de M\u00e9ndez \u00c1lvaro<\/strong>\u00a0por metro [estaci\u00f3n M\u00e9ndez \u00c1lvaro, l\u00ednea 6], taxi o autob\u00fas urbano.<\/p>\n<p>La compa\u00f1\u00eda que une Madrid y Cuenca es\u00a0<a href=\"http:\/\/www.avanzabus.com\/web\/default.aspx\" target=\"_blank\" rel=\"noopener\">Avanzabus<\/a>. Hay numerosos autobuses a diario desde las 6:45 hasta las 22:00 horas.<\/p>\n<p><strong>Estaci\u00f3n autobuses de Cuenca<\/strong>: (0034) 969 227 087<\/p>\n<h3><strong>En taxi<\/strong><\/h3>\n<p>Se pueden tomar taxis en el aeropuerto solicitarlos desde cualquier punto de Madrid (Radio Taxi Madrid: 902 478 200).<\/p>\n<p>Hay que tener en cuenta que la tarifa Madrid-Cuenca puede estar en torno a 200-250 euros.<\/p>\n<h3><strong>En coche<\/strong><\/h3>\n<p>El trayecto Cuenca-Madrid se realiza en una hora y media, y el de Cuenca-Valencia en una hora y cuarenta y cinco minutos a trav\u00e9s de la Autov\u00eda A3.\u00a0<a href=\"https:\/\/www.google.es\/maps\/dir\/Aeropuerto+Adolfo+Su%C3%A1rez+Madrid-Barajas,+Avenida+de+la+Hispanidad,+s%2Fn,+28042+Madrid\/Cuenca\/@40.2117424,-3.5138256,9z\/data=!3m1!4b1!4m13!4m12!1m5!1m1!1s0xd4231d000000001:0x6e7725ea0f85ceef!2m2!1d-3.567952!2d40.483936!1m5!1m1!1s0xd5d6741369751c3:0x6e81ab6ed08cd292!2m2!1d-2.1374162!2d40.0703925\" target=\"_blank\" rel=\"noopener\">Ruta Madrid Barajas-Cuenca<\/a><\/p>\n<h3><strong>Transporte Urbano desde\/hacia la Estaci\u00f3n de AVE Fernando Z\u00f3bel (CUENCA)<\/strong><\/h3>\n<p>El servicio de transporte p\u00fablico de Cuenca cuenta con una l\u00ednea especial, L\u00ednea 1, que une la estaci\u00f3n con distintos puntos de la ciudad de Cuenca, hasta la plaza mayor.<\/p>\n<p>La frecuencia de este servicio es cada 30 minutos desde las 7.00 AM<\/p>\n<h3><strong>Moverse por Cuenca<\/strong><\/h3>\n<p>Para pedir un taxi en Cuenca, el tel\u00e9fono de Radiotaxi es\u00a0<strong>969 23 33 43<\/strong>.<\/p>\n","protected":false},"excerpt":{"rendered":"<p>DESPLAZAMIENTO A CUENCA DESDE EL AEROPUERTO DE MADRID-BARAJAS\u00a0 En AVE (Tren de Alta Velocidad) Se puede acceder desde aeropuerto a<\/p>\n","protected":false},"author":1,"featured_media":0,"parent":95,"menu_order":0,"comment_status":"closed","ping_status":"closed","template":"","meta":{"ngg_post_thumbnail":0,"footnotes":""},"class_list":["post-101","page","type-page","status-publish","hentry","comments-off"],"_links":{"self":[{"href":"https:\/\/vciea-cea.uclm.es\/Congreso2022\/index.php?rest_route=\/wp\/v2\/pages\/101","targetHints":{"allow":["GET"]}}],"collection":[{"href":"https:\/\/vciea-cea.uclm.es\/Congreso2022\/index.php?rest_route=\/wp\/v2\/pages"}],"about":[{"href":"https:\/\/vciea-cea.uclm.es\/Congreso2022\/index.php?rest_route=\/wp\/v2\/types\/page"}],"author":[{"embeddable":true,"href":"https:\/\/vciea-cea.uclm.es\/Congreso2022\/index.php?rest_route=\/wp\/v2\/users\/1"}],"replies":[{"embeddable":true,"href":"https:\/\/vciea-cea.uclm.es\/Congreso2022\/index.php?rest_route=%2Fwp%2Fv2%2Fcomments&post=101"}],"version-history":[{"count":6,"href":"https:\/\/vciea-cea.uclm.es\/Congreso2022\/index.php?rest_route=\/wp\/v2\/pages\/101\/revisions"}],"predecessor-version":[{"id":532,"href":"https:\/\/vciea-cea.uclm.es\/Congreso2022\/index.php?rest_route=\/wp\/v2\/pages\/101\/revisions\/532"}],"up":[{"embeddable":true,"href":"https:\/\/vciea-cea.uclm.es\/Congreso2022\/index.php?rest_route=\/wp\/v2\/pages\/95"}],"wp:attachment":[{"href":"https:\/\/vciea-cea.uclm.es\/Congreso2022\/index.php?rest_route=%2Fwp%2Fv2%2Fmedia&parent=101"}],"curies":[{"name":"wp","href":"https:\/\/api.w.org\/{rel}","templated":true}]}}