{"id":27,"date":"2021-07-28T11:15:11","date_gmt":"2021-07-28T11:15:11","guid":{"rendered":"http:\/\/cieae2022.uclm.es\/?page_id=27"},"modified":"2021-11-12T22:35:22","modified_gmt":"2021-11-12T21:35:22","slug":"presentacion","status":"publish","type":"page","link":"https:\/\/vciea-cea.uclm.es\/Congreso2022\/?page_id=27","title":{"rendered":"Presentaci\u00f3n"},"content":{"rendered":"\n<p class=\"has-text-align-justify\">El Congreso Internacional \u201cEngagement de los Alumnos en la Escuela (CIEAE)\u201d llega a su IV edici\u00f3n del 19 al 22 de Julio de 2022. Se contin\u00faa, as\u00ed, un camino iniciado en 2013 con la creaci\u00f3n del CIEAE por Feliciano H Veiga y celebrado en el Instituto de Educa\u00e7\u00e3o da Universidade de Lisboa (IEULisboa). Por primera vez, en 2022, el CIEAE se celebrar\u00e1 fuera del IEULisboa. La Universidad de Castilla-La Mancha, en colaboraci\u00f3n con el IEULisboa, Portugal, acoger\u00e1 en el campus de la ciudad de Cuenca, Espa\u00f1a, el IV Congreso Internacional de Engagement de los alumnos en la Escuela: Perspectivas Sociales y Psicol\u00f3gicas (IVCIEAE).<\/p>\n\n\n\n<p class=\"has-text-align-justify\">Planificado en el contexto de la crisis pand\u00e9mica del COVID-19, el IVCIEAE se celebrar\u00e1 con modalidad h\u00edbrida- presencial y online. Siguiendo la tradici\u00f3n, el IVCIEAE facilitar\u00e1 en la web el Programa los res\u00famenes de las comunicaciones (orales o posters) y los textos completos podr\u00e1n publicarse en E-book o Libro de Actas con ISBN (<a rel=\"noreferrer noopener\" href=\"https:\/\/publicaciones.uclm.es\/\" target=\"_blank\">https:\/\/publicaciones.uclm.es\/<\/a>), recogida en el Scholarly Publishers Indicators (SPI). Los autores de los trabajos de calidad sobresaliente podr\u00e1n ser invitados a presentarlos en un n\u00famero especial de revistas cient\u00edficas JCR\/Scopus.<\/p>\n\n\n\n<p class=\"has-text-align-justify\">Como en las ediciones anteriores, los principales objetivos del IVCIEAE son discutir los resultados de la investigaci\u00f3n socioeducativa, activar los intercambios entre investigadores, profesores y profesionales de la Psicolog\u00eda y la Educaci\u00f3n, y contribuir a la mejora de los sistemas educativos. Siguiendo la l\u00ednea de las ediciones anteriores, las propuestas de ponencias se organizan en varias \u00e1reas tem\u00e1ticas (<a href=\"https:\/\/cieae2022.uclm.es\/congreso\/tematica\/\">Tem\u00e1tica<\/a>). En definitiva, se espera que el IVCIEAE contribuya a crear nuevas conceptualizaciones y pr\u00e1cticas en Psicolog\u00eda y Educaci\u00f3n, as\u00ed como a la innovaci\u00f3n de l\u00edneas de investigaci\u00f3n que activen una educaci\u00f3n de calidad.<\/p>\n\n\n\n<p class=\"has-text-align-center\"><strong>Bienvenidos<\/strong>  <br><\/p>\n\n\n\n<p class=\"has-text-align-center\"><strong>Presidentes del Congreso<\/strong><\/p>\n\n\n\n<div class=\"wp-block-columns is-layout-flex wp-container-core-columns-is-layout-9d6595d7 wp-block-columns-is-layout-flex\">\n<div class=\"wp-block-column is-layout-flow wp-block-column-is-layout-flow\">\n<div class=\"wp-block-image\"><figure class=\"aligncenter size-full is-resized\"><img loading=\"lazy\" decoding=\"async\" src=\"http:\/\/cieae2022.uclm.es\/wp-content\/uploads\/2021\/07\/Isabel.png\" alt=\"\" class=\"wp-image-177\" width=\"199\" height=\"199\" srcset=\"https:\/\/vciea-cea.uclm.es\/Congreso2022\/wp-content\/uploads\/2021\/07\/Isabel.png 1000w, https:\/\/vciea-cea.uclm.es\/Congreso2022\/wp-content\/uploads\/2021\/07\/Isabel-300x300.png 300w, https:\/\/vciea-cea.uclm.es\/Congreso2022\/wp-content\/uploads\/2021\/07\/Isabel-150x150.png 150w, https:\/\/vciea-cea.uclm.es\/Congreso2022\/wp-content\/uploads\/2021\/07\/Isabel-768x768.png 768w\" sizes=\"auto, (max-width: 199px) 100vw, 199px\" \/><\/figure><\/div>\n\n\n\n<p class=\"has-text-align-center\"><strong>Isabel Mart\u00ednez<\/strong><\/p>\n\n\n\n<div class=\"wp-block-group\"><div class=\"wp-block-group__inner-container is-layout-flow wp-block-group-is-layout-flow\">\n<p class=\"has-text-align-center\"><strong>Presidenta Ejecutiva del IV CIEAE 2022<br><\/strong>Profesora Titular de Universidad<br>Departamento de Psicolog\u00eda<br>Universidad de Castilla-La Mancha<\/p>\n<\/div><\/div>\n<\/div>\n\n\n\n<div class=\"wp-block-column is-layout-flow wp-block-column-is-layout-flow\">\n<div class=\"wp-block-image\"><figure class=\"aligncenter size-full is-resized\"><img loading=\"lazy\" decoding=\"async\" src=\"http:\/\/cieae2022.uclm.es\/wp-content\/uploads\/2021\/07\/Feliciano.png\" alt=\"\" class=\"wp-image-178\" width=\"193\" height=\"193\" srcset=\"https:\/\/vciea-cea.uclm.es\/Congreso2022\/wp-content\/uploads\/2021\/07\/Feliciano.png 1000w, https:\/\/vciea-cea.uclm.es\/Congreso2022\/wp-content\/uploads\/2021\/07\/Feliciano-300x300.png 300w, https:\/\/vciea-cea.uclm.es\/Congreso2022\/wp-content\/uploads\/2021\/07\/Feliciano-150x150.png 150w, https:\/\/vciea-cea.uclm.es\/Congreso2022\/wp-content\/uploads\/2021\/07\/Feliciano-768x768.png 768w\" sizes=\"auto, (max-width: 193px) 100vw, 193px\" \/><\/figure><\/div>\n\n\n\n<p class=\"has-text-align-center\"><strong>Feliciano H. Veiga<\/strong><\/p>\n\n\n\n<div class=\"wp-block-group\"><div class=\"wp-block-group__inner-container is-layout-flow wp-block-group-is-layout-flow\">\n<p class=\"has-text-align-center\"><strong>Presidente Fundador del CIEAE<br><\/strong>Professor<br>Instituto de Educa\u00e7\u00e3o<br>Universidade de Lisboa<\/p>\n<\/div><\/div>\n<\/div>\n<\/div>\n","protected":false},"excerpt":{"rendered":"<p>El Congreso Internacional \u201cEngagement de los Alumnos en la Escuela (CIEAE)\u201d llega a su IV edici\u00f3n del 19 al 22<\/p>\n","protected":false},"author":1,"featured_media":0,"parent":25,"menu_order":0,"comment_status":"closed","ping_status":"closed","template":"page.beta.php","meta":{"ngg_post_thumbnail":0,"footnotes":""},"class_list":["post-27","page","type-page","status-publish","hentry","comments-off"],"_links":{"self":[{"href":"https:\/\/vciea-cea.uclm.es\/Congreso2022\/index.php?rest_route=\/wp\/v2\/pages\/27","targetHints":{"allow":["GET"]}}],"collection":[{"href":"https:\/\/vciea-cea.uclm.es\/Congreso2022\/index.php?rest_route=\/wp\/v2\/pages"}],"about":[{"href":"https:\/\/vciea-cea.uclm.es\/Congreso2022\/index.php?rest_route=\/wp\/v2\/types\/page"}],"author":[{"embeddable":true,"href":"https:\/\/vciea-cea.uclm.es\/Congreso2022\/index.php?rest_route=\/wp\/v2\/users\/1"}],"replies":[{"embeddable":true,"href":"https:\/\/vciea-cea.uclm.es\/Congreso2022\/index.php?rest_route=%2Fwp%2Fv2%2Fcomments&post=27"}],"version-history":[{"count":22,"href":"https:\/\/vciea-cea.uclm.es\/Congreso2022\/index.php?rest_route=\/wp\/v2\/pages\/27\/revisions"}],"predecessor-version":[{"id":278,"href":"https:\/\/vciea-cea.uclm.es\/Congreso2022\/index.php?rest_route=\/wp\/v2\/pages\/27\/revisions\/278"}],"up":[{"embeddable":true,"href":"https:\/\/vciea-cea.uclm.es\/Congreso2022\/index.php?rest_route=\/wp\/v2\/pages\/25"}],"wp:attachment":[{"href":"https:\/\/vciea-cea.uclm.es\/Congreso2022\/index.php?rest_route=%2Fwp%2Fv2%2Fmedia&parent=27"}],"curies":[{"name":"wp","href":"https:\/\/api.w.org\/{rel}","templated":true}]}}