{"id":30,"date":"2021-07-28T11:15:53","date_gmt":"2021-07-28T11:15:53","guid":{"rendered":"http:\/\/cieae2022.uclm.es\/?page_id=30"},"modified":"2022-06-06T19:00:27","modified_gmt":"2022-06-06T17:00:27","slug":"ponentes","status":"publish","type":"page","link":"https:\/\/vciea-cea.uclm.es\/Congreso2022\/?page_id=30","title":{"rendered":"Ponentes Invitados"},"content":{"rendered":"\n<p class=\"has-text-align-center\" style=\"font-size:28px\"><strong>Sesiones Plenarias<\/strong><\/p>\n\n\n\n<div class=\"wp-block-columns is-layout-flex wp-container-core-columns-is-layout-9d6595d7 wp-block-columns-is-layout-flex\">\n<div class=\"wp-block-column is-layout-flow wp-block-column-is-layout-flow\" style=\"flex-basis:100%\">\n<figure class=\"wp-block-table aligncenter is-style-regular\"><table><tbody><tr><td class=\"has-text-align-center\" data-align=\"center\"><img loading=\"lazy\" decoding=\"async\" width=\"450\" height=\"489\" class=\"wp-image-424\" style=\"width: 450px;\" src=\"https:\/\/cieae2022.uclm.es\/wp-content\/uploads\/2022\/01\/Ze-Wang.png\" alt=\"\"><strong>Ze Wang.<\/strong><br><strong>Universidad <\/strong><br><strong>de Missouri<\/strong><\/td><td><strong>Ze Wang<\/strong>&nbsp;es Associate Professor en la Universidad de Missouri (EE.UU.). Es la principal autora del&nbsp;<em>Classroom Engagement Inventory<\/em>. Es profesora de Estad\u00edstica, Medici\u00f3n y Evaluaci\u00f3n en Educaci\u00f3n en la Universidad de Missouri (EE.UU.). Ha publicado m\u00e1s de 50 art\u00edculos en revistas, cap\u00edtulos de libros e informes t\u00e9cnicos y de evaluaci\u00f3n, y ha escrito un libro sobre razonamiento estad\u00edstico.<\/td><\/tr><\/tbody><\/table><\/figure>\n\n\n\n<figure class=\"wp-block-table aligncenter is-style-regular\"><table><tbody><tr><td class=\"has-text-align-center\" data-align=\"center\"><img loading=\"lazy\" decoding=\"async\" width=\"450\" height=\"489\" class=\"wp-image-426\" style=\"width: 450px;\" src=\"https:\/\/cieae2022.uclm.es\/wp-content\/uploads\/2022\/01\/Feliciano.png\" alt=\"\"><strong>Feliciano Veiga.<br>Universidad de Lisboa<\/strong><\/td><td><strong>Feliciano Veiga<\/strong> es Profesor Catedr\u00e1tico y coordinador del Doctorado en Educaci\u00f3n \u2013 Psicolog\u00eda Educativa, en el Instituto de Educaci\u00f3n (IE) de la Universidad de Lisboa (UL). Es miembro del Comit\u00e9 Cient\u00edfico y presidente del Comit\u00e9 de \u00c9tica del IE UL. Coordina varios proyectos de investigaci\u00f3n, especialmente en el \u00e1mbito del Engagement en la escuela y en el aprendizaje. Es autor de cientos de publicaciones nacionales e internacionales.<\/td><\/tr><\/tbody><\/table><\/figure>\n\n\n\n<figure class=\"wp-block-table aligncenter is-style-regular\"><table><tbody><tr><td class=\"has-text-align-center\" data-align=\"center\"><img loading=\"lazy\" decoding=\"async\" width=\"500\" height=\"543\" class=\"wp-image-420\" style=\"width: 500px;\" src=\"https:\/\/cieae2022.uclm.es\/wp-content\/uploads\/2022\/01\/Xavier-Bonal.png\" alt=\"\"><strong>Xavier Bonal.<br>Universidad Aut\u00f3noma de Barcelona<\/strong><\/td><td><strong><strong><strong>Xavier Bonal\u00a0<\/strong><\/strong><\/strong>es Catedr\u00e1tico de Sociolog\u00eda en la Universidad Aut\u00f3noma de Barcelona, director del centro\u00a0<em>Globalizaci\u00f3n, Educaci\u00f3n y Pol\u00edticas Sociales<\/em>\u00a0(GEPS) y coordinador del M\u00e1ster Erasmus Mundus GLOBED:\u00a0<em>Education Policies for Global Development.<\/em>\u00a0Es miembro de la red de expertos Qualtiy Investment in Education and Training de la Comisi\u00f3n Europea. Ha sido consultor para organismos internacionales, como UNICEF, UNESCO o la CE. Ha publicado extensamente sobre Sociolog\u00eda de la Educaci\u00f3n y Pol\u00edtica Educativa.<\/td><\/tr><\/tbody><\/table><\/figure>\n<\/div>\n<\/div>\n","protected":false},"excerpt":{"rendered":"<p>Sesiones Plenarias Ze Wang.Universidad de Missouri Ze Wang&nbsp;es Associate Professor en la Universidad de Missouri (EE.UU.). Es la principal autora<\/p>\n","protected":false},"author":1,"featured_media":0,"parent":25,"menu_order":0,"comment_status":"closed","ping_status":"closed","template":"","meta":{"ngg_post_thumbnail":0,"footnotes":""},"class_list":["post-30","page","type-page","status-publish","hentry","comments-off"],"_links":{"self":[{"href":"https:\/\/vciea-cea.uclm.es\/Congreso2022\/index.php?rest_route=\/wp\/v2\/pages\/30","targetHints":{"allow":["GET"]}}],"collection":[{"href":"https:\/\/vciea-cea.uclm.es\/Congreso2022\/index.php?rest_route=\/wp\/v2\/pages"}],"about":[{"href":"https:\/\/vciea-cea.uclm.es\/Congreso2022\/index.php?rest_route=\/wp\/v2\/types\/page"}],"author":[{"embeddable":true,"href":"https:\/\/vciea-cea.uclm.es\/Congreso2022\/index.php?rest_route=\/wp\/v2\/users\/1"}],"replies":[{"embeddable":true,"href":"https:\/\/vciea-cea.uclm.es\/Congreso2022\/index.php?rest_route=%2Fwp%2Fv2%2Fcomments&post=30"}],"version-history":[{"count":45,"href":"https:\/\/vciea-cea.uclm.es\/Congreso2022\/index.php?rest_route=\/wp\/v2\/pages\/30\/revisions"}],"predecessor-version":[{"id":640,"href":"https:\/\/vciea-cea.uclm.es\/Congreso2022\/index.php?rest_route=\/wp\/v2\/pages\/30\/revisions\/640"}],"up":[{"embeddable":true,"href":"https:\/\/vciea-cea.uclm.es\/Congreso2022\/index.php?rest_route=\/wp\/v2\/pages\/25"}],"wp:attachment":[{"href":"https:\/\/vciea-cea.uclm.es\/Congreso2022\/index.php?rest_route=%2Fwp%2Fv2%2Fmedia&parent=30"}],"curies":[{"name":"wp","href":"https:\/\/api.w.org\/{rel}","templated":true}]}}