{"id":32,"date":"2021-07-28T11:16:12","date_gmt":"2021-07-28T11:16:12","guid":{"rendered":"http:\/\/cieae2022.uclm.es\/?page_id=32"},"modified":"2021-12-01T11:07:00","modified_gmt":"2021-12-01T10:07:00","slug":"destinatarios","status":"publish","type":"page","link":"https:\/\/vciea-cea.uclm.es\/Congreso2022\/?page_id=32","title":{"rendered":"Destinatarios"},"content":{"rendered":"<p>El IV Congreso Internacional de <em>Engagement<\/em> de los alumnos en la escuela est\u00e1 dirigido a investigadores y profesionales de diferentes \u00e1reas disciplinarias. El Congreso contempla las aportaciones desde la educaci\u00f3n, la psicolog\u00eda, la pedagog\u00eda, la sociolog\u00eda y las centradas en la ense\u00f1anza de contenidos espec\u00edficos (matem\u00e1ticas, idiomas, artes, educaci\u00f3n f\u00edsica, ciencias y tecnolog\u00eda). El encuentro se plantea como un foro de reflexi\u00f3n y an\u00e1lisis, dirigido a todos los profesionales de la educaci\u00f3n, psic\u00f3logos, educadores, profesores, investigadores y estudiantes de Doctorado, M\u00e1ster y Grado.<\/p>\n","protected":false},"excerpt":{"rendered":"<p>El IV Congreso Internacional de Engagement de los alumnos en la escuela est\u00e1 dirigido a investigadores y profesionales de diferentes<\/p>\n","protected":false},"author":1,"featured_media":0,"parent":25,"menu_order":0,"comment_status":"closed","ping_status":"closed","template":"","meta":{"ngg_post_thumbnail":0,"footnotes":""},"class_list":["post-32","page","type-page","status-publish","hentry","comments-off"],"_links":{"self":[{"href":"https:\/\/vciea-cea.uclm.es\/Congreso2022\/index.php?rest_route=\/wp\/v2\/pages\/32","targetHints":{"allow":["GET"]}}],"collection":[{"href":"https:\/\/vciea-cea.uclm.es\/Congreso2022\/index.php?rest_route=\/wp\/v2\/pages"}],"about":[{"href":"https:\/\/vciea-cea.uclm.es\/Congreso2022\/index.php?rest_route=\/wp\/v2\/types\/page"}],"author":[{"embeddable":true,"href":"https:\/\/vciea-cea.uclm.es\/Congreso2022\/index.php?rest_route=\/wp\/v2\/users\/1"}],"replies":[{"embeddable":true,"href":"https:\/\/vciea-cea.uclm.es\/Congreso2022\/index.php?rest_route=%2Fwp%2Fv2%2Fcomments&post=32"}],"version-history":[{"count":3,"href":"https:\/\/vciea-cea.uclm.es\/Congreso2022\/index.php?rest_route=\/wp\/v2\/pages\/32\/revisions"}],"predecessor-version":[{"id":343,"href":"https:\/\/vciea-cea.uclm.es\/Congreso2022\/index.php?rest_route=\/wp\/v2\/pages\/32\/revisions\/343"}],"up":[{"embeddable":true,"href":"https:\/\/vciea-cea.uclm.es\/Congreso2022\/index.php?rest_route=\/wp\/v2\/pages\/25"}],"wp:attachment":[{"href":"https:\/\/vciea-cea.uclm.es\/Congreso2022\/index.php?rest_route=%2Fwp%2Fv2%2Fmedia&parent=32"}],"curies":[{"name":"wp","href":"https:\/\/api.w.org\/{rel}","templated":true}]}}