{"id":475,"date":"2022-02-23T21:15:21","date_gmt":"2022-02-23T20:15:21","guid":{"rendered":"https:\/\/cieae2022.uclm.es\/?page_id=475"},"modified":"2022-05-24T23:26:54","modified_gmt":"2022-05-24T21:26:54","slug":"tipos-de-propuestas","status":"publish","type":"page","link":"https:\/\/vciea-cea.uclm.es\/Congreso2022\/?page_id=475","title":{"rendered":"Tipos de propuestas"},"content":{"rendered":"\n<p><strong>Presentaci\u00f3n de propuestas<\/strong><strong><\/strong><\/p>\n\n\n\n<p>El Comit\u00e9 Organizador del CIEAE2022 invita a presentar propuestas al IV Congreso Internacional \u201cEngagement de los Alumnos en la Escuela: Perspectivas sociales y psicol\u00f3gicas\u201d, que se celebrar\u00e1 en Cuenca, en las instalaciones del Edificio Gil de Albornoz de la Universidad de Castilla-La Mancha, los d\u00edas 19, 20, 21 y 22 de julio de 2022, de manera <strong>presencial<\/strong> y <strong>online<\/strong>.<\/p>\n\n\n\n<p>Los autores podr\u00e1n presentar propuestas para la presentaci\u00f3n de trabajos que se ajusten a los objetivos y tem\u00e1ticas del congreso. Es decir, trabajos cient\u00edficos originales que aborden alguna de las tem\u00e1ticas del congreso.<\/p>\n\n\n\n<p>Al menos un autor de cada propuesta de trabajo que se presente al CIEAE 2022 deber\u00e1 registrarse como participante. Link: <a href=\"https:\/\/cieae2022.uclm.es\/inscripciones\/formulario-de-inscripcion\/\">https:\/\/cieae2022.uclm.es\/inscripciones\/formulario-de-inscripcion\/<\/a><\/p>\n\n\n\n<p>Cada autor inscrito podr\u00e1 presentar un m\u00e1ximo de dos trabajos, uno de ellos obligatoriamente en formato p\u00f3ster, y podr\u00e1 ser mencionado en otros trabajos como coautor.<\/p>\n\n\n\n<p>S\u00f3lo los autores inscritos recibir\u00e1n certificado de su participaci\u00f3n.<\/p>\n\n\n\n<p>Los res\u00famenes de las propuestas de comunicaci\u00f3n, posters o simposios deben enviarse a trav\u00e9s de <strong>la web del congreso<\/strong> antes del <strong><s>10 de abril de 2022<\/s> 30 de abril de 2022<\/strong>. Link:&nbsp; <a href=\"https:\/\/cieae2022.uclm.es\/envio-de-trabajos\/enviar-documento\/\">https:\/\/cieae2022.uclm.es\/envio-de-trabajos\/enviar-documento\/<\/a>, una vez registrado en el sistema.<\/p>\n\n\n\n<p>Las propuestas pueden ser escritas en espa\u00f1ol, portugu\u00e9s, o ingl\u00e9s.<\/p>\n\n\n\n<p>Todas las propuestas ser\u00e1n revisadas por dos miembros del Comit\u00e9 Cient\u00edfico y se notificar\u00e1 a los autores de su aceptaci\u00f3n en los plazos establecidos.<\/p>\n\n\n\n<p><strong>Tipos de participaci\u00f3n:<\/strong><\/p>\n\n\n\n<p>Las formas de participaci\u00f3n en el congreso son Comunicaci\u00f3n, P\u00f3ster, Simposio y Otra Modalidad.<\/p>\n\n\n\n<p>Todas las participaciones pueden ser en portugu\u00e9s, ingl\u00e9s y espa\u00f1ol.<\/p>\n\n\n\n<p><strong>Simposio:<\/strong><\/p>\n\n\n\n<p>La organizaci\u00f3n de un simposio implica un panel de investigadores que discuten un tema. Tiene una duraci\u00f3n de 60 a 90 minutos para la modalidad presencial y tiene de 4 a 5 participantes, incluido el coordinador.<\/p>\n\n\n\n<p>Todos los participantes del Simposio deber\u00e1n estar inscritos en el congreso.<\/p>\n\n\n\n<p>Este formato requiere el env\u00edo de una propuesta con una breve descripci\u00f3n del tema a tratar y res\u00famenes de los trabajos a presentar en el Simposio (cada resumen debe contener un m\u00e1ximo de 300 palabras).<\/p>\n\n\n\n<p>Para este env\u00edo deben utilizarse las <a href=\"https:\/\/cieae2022.uclm.es\/envio-de-trabajos\/guias-de-estilo\/\">platillas disponibles<\/a> en la web.<\/p>\n\n\n\n<p><strong>Comunicaci\u00f3n:<\/strong><\/p>\n\n\n\n<p>Presentaci\u00f3n oral de trabajos de investigaci\u00f3n y desarrollo, finalizados o consolidados, de alguna de las tem\u00e1ticas del congreso.<\/p>\n\n\n\n<p>Los res\u00famenes a enviar deben tener una extensi\u00f3n m\u00e1xima de 300 palabras, y entre 3 y 5 palabras clave. El resumen debe contener los siguientes puntos: Marco Conceptual, Objetivos, Metodolog\u00eda, Resultados y Conclusiones.<\/p>\n\n\n\n<p>La presentaci\u00f3n tendr\u00e1 una duraci\u00f3n de 15 minutos (10 minutos para exposici\u00f3n y 5 minutos de discusi\u00f3n).<\/p>\n\n\n\n<p>En la modalidad presencial las comunicaciones se integrar\u00e1n en sesiones de 90 minutos.<\/p>\n\n\n\n<p><strong>P\u00f3ster:<\/strong><\/p>\n\n\n\n<p>Presentaci\u00f3n de obras de cualquier naturaleza en formato p\u00f3ster.<\/p>\n\n\n\n<p>Los res\u00famenes a enviar deben tener una extensi\u00f3n m\u00e1xima de 300 palabras, y entre 3 y 5 palabras clave. El resumen debe contener los siguientes puntos: Marco Conceptual, Objetivos, Metodolog\u00eda, Resultados y Conclusiones.<\/p>\n\n\n\n<p>El p\u00f3ster debe estar orientado verticalmente, constar\u00e1 de una sola hoja y una dimensi\u00f3n de 90 cm (ancho) por 120 cm (alto).<\/p>\n\n\n\n<p>Se enviar\u00e1 en formato pdf.<\/p>\n\n\n\n<p>Todos los posters ser\u00e1n expuestos a trav\u00e9s de la web del congreso.<\/p>\n\n\n\n<p>Los asistentes presenciales dispondr\u00e1n tambi\u00e9n de un espacio y un horario d\u00f3nde exponer sus posters.<\/p>\n\n\n\n<p><strong>Otra modalidad:<\/strong><\/p>\n\n\n\n<p>Informe de una actuaci\u00f3n pedag\u00f3gica sobre&nbsp;el&nbsp;<em>Engagement<\/em>&nbsp;y&nbsp;la implicaci\u00f3n en la escuela.<\/p>\n\n\n\n<p>Los res\u00famenes a enviar deben tener entre deben tener una extensi\u00f3n m\u00e1xima de 300 palabras, y entre 3 y 5 palabras clave.<\/p>\n","protected":false},"excerpt":{"rendered":"<p>Presentaci\u00f3n de propuestas El Comit\u00e9 Organizador del CIEAE2022 invita a presentar propuestas al IV Congreso Internacional \u201cEngagement de los Alumnos<\/p>\n","protected":false},"author":1,"featured_media":0,"parent":74,"menu_order":0,"comment_status":"closed","ping_status":"closed","template":"","meta":{"ngg_post_thumbnail":0,"footnotes":""},"class_list":["post-475","page","type-page","status-publish","hentry","comments-off"],"_links":{"self":[{"href":"https:\/\/vciea-cea.uclm.es\/Congreso2022\/index.php?rest_route=\/wp\/v2\/pages\/475","targetHints":{"allow":["GET"]}}],"collection":[{"href":"https:\/\/vciea-cea.uclm.es\/Congreso2022\/index.php?rest_route=\/wp\/v2\/pages"}],"about":[{"href":"https:\/\/vciea-cea.uclm.es\/Congreso2022\/index.php?rest_route=\/wp\/v2\/types\/page"}],"author":[{"embeddable":true,"href":"https:\/\/vciea-cea.uclm.es\/Congreso2022\/index.php?rest_route=\/wp\/v2\/users\/1"}],"replies":[{"embeddable":true,"href":"https:\/\/vciea-cea.uclm.es\/Congreso2022\/index.php?rest_route=%2Fwp%2Fv2%2Fcomments&post=475"}],"version-history":[{"count":15,"href":"https:\/\/vciea-cea.uclm.es\/Congreso2022\/index.php?rest_route=\/wp\/v2\/pages\/475\/revisions"}],"predecessor-version":[{"id":607,"href":"https:\/\/vciea-cea.uclm.es\/Congreso2022\/index.php?rest_route=\/wp\/v2\/pages\/475\/revisions\/607"}],"up":[{"embeddable":true,"href":"https:\/\/vciea-cea.uclm.es\/Congreso2022\/index.php?rest_route=\/wp\/v2\/pages\/74"}],"wp:attachment":[{"href":"https:\/\/vciea-cea.uclm.es\/Congreso2022\/index.php?rest_route=%2Fwp%2Fv2%2Fmedia&parent=475"}],"curies":[{"name":"wp","href":"https:\/\/api.w.org\/{rel}","templated":true}]}}