{"id":496,"date":"2022-03-01T21:42:47","date_gmt":"2022-03-01T20:42:47","guid":{"rendered":"https:\/\/cieae2022.uclm.es\/?page_id=496"},"modified":"2022-11-30T21:55:45","modified_gmt":"2022-11-30T20:55:45","slug":"publicaciones","status":"publish","type":"page","link":"https:\/\/vciea-cea.uclm.es\/Congreso2022\/?page_id=496","title":{"rendered":"Publicaciones"},"content":{"rendered":"\n<p class=\"has-text-color has-medium-font-size\" style=\"color:#b30033\"><strong><a rel=\"noreferrer noopener\" href=\"https:\/\/cieae2022.uclm.es\/wp-content\/uploads\/2022\/06\/Template_-Articulo-completo.docx\" target=\"_blank\">Descargue desde aqu\u00ed la gu\u00eda de estilo<\/a><\/strong><\/p>\n\n\n\n<p><strong>Publicaci\u00f3n en E-Book<\/strong><\/p>\n\n\n\n<p>Los art\u00edculos, una vez aceptados por el Comit\u00e9 Cient\u00edfico, se publicar\u00e1n en forma de libro electr\u00f3nico con ISBN (<a href=\"https:\/\/publicaciones.uclm.es\/\" target=\"_blank\" rel=\"noreferrer noopener\">https:\/\/publicaciones.uclm.es\/<\/a>), recogida en el Scholarly Publishers Indicators (SPI).<\/p>\n\n\n\n<p>Es necesario que al menos uno de los autores se haya inscrito en el congreso.<\/p>\n\n\n\n<p>Los textos completos de las comunicaciones, posters o simposios deber\u00e1n ser originales y no estar\u00e1n en revisi\u00f3n para ninguna otra conferencia o publicaci\u00f3n nacional o internacional.<\/p>\n\n\n\n<p>Una vez aceptada la propuesta los autores deber\u00e1n enviar la versi\u00f3n final del texto para su publicaci\u00f3n (incluyendo las recomendaciones del Comit\u00e9 Cient\u00edfico del congreso).<\/p>\n\n\n\n<p>Los textos deben seguir los est\u00e1ndares de formato de la<strong> <a rel=\"noreferrer noopener\" href=\"https:\/\/cieae2022.uclm.es\/wp-content\/uploads\/2022\/06\/Template_-Articulo-completo.docx\" target=\"_blank\">Gu\u00eda de Estilo<\/a><\/strong> y ser enviados en un archivo editable (.doc; .docx).<\/p>\n\n\n\n<p>El art\u00edculo completo debe tener una extensi\u00f3n m\u00e1xima de 10 p\u00e1ginas, incluyendo referencias bibliogr\u00e1ficas.<\/p>\n\n\n\n<p>Los textos pueden ser escritos en portugu\u00e9s, espa\u00f1ol o ingl\u00e9s. Cuando el texto est\u00e9 escrito en portugu\u00e9s o espa\u00f1ol el abstract deber\u00e1 aparecer tambi\u00e9n en ingl\u00e9s.<\/p>\n\n\n\n<p>Los art\u00edculos finales deber\u00e1n y enviarse entre el 20 y el 30 de julio a trav\u00e9s de la plataforma de env\u00edo.<\/p>\n\n\n\n<p>Al realizar el env\u00edo los autores est\u00e1n cediendo sus derechos para la publicaci\u00f3n del trabajo a Ediciones de la Universidad de Castilla-La Mancha.<\/p>\n","protected":false},"excerpt":{"rendered":"<p>Descargue desde aqu\u00ed la gu\u00eda de estilo Publicaci\u00f3n en E-Book Los art\u00edculos, una vez aceptados por el Comit\u00e9 Cient\u00edfico, se<\/p>\n","protected":false},"author":1,"featured_media":0,"parent":74,"menu_order":0,"comment_status":"closed","ping_status":"closed","template":"","meta":{"ngg_post_thumbnail":0,"footnotes":""},"class_list":["post-496","page","type-page","status-publish","hentry","comments-off"],"_links":{"self":[{"href":"https:\/\/vciea-cea.uclm.es\/Congreso2022\/index.php?rest_route=\/wp\/v2\/pages\/496","targetHints":{"allow":["GET"]}}],"collection":[{"href":"https:\/\/vciea-cea.uclm.es\/Congreso2022\/index.php?rest_route=\/wp\/v2\/pages"}],"about":[{"href":"https:\/\/vciea-cea.uclm.es\/Congreso2022\/index.php?rest_route=\/wp\/v2\/types\/page"}],"author":[{"embeddable":true,"href":"https:\/\/vciea-cea.uclm.es\/Congreso2022\/index.php?rest_route=\/wp\/v2\/users\/1"}],"replies":[{"embeddable":true,"href":"https:\/\/vciea-cea.uclm.es\/Congreso2022\/index.php?rest_route=%2Fwp%2Fv2%2Fcomments&post=496"}],"version-history":[{"count":10,"href":"https:\/\/vciea-cea.uclm.es\/Congreso2022\/index.php?rest_route=\/wp\/v2\/pages\/496\/revisions"}],"predecessor-version":[{"id":2159,"href":"https:\/\/vciea-cea.uclm.es\/Congreso2022\/index.php?rest_route=\/wp\/v2\/pages\/496\/revisions\/2159"}],"up":[{"embeddable":true,"href":"https:\/\/vciea-cea.uclm.es\/Congreso2022\/index.php?rest_route=\/wp\/v2\/pages\/74"}],"wp:attachment":[{"href":"https:\/\/vciea-cea.uclm.es\/Congreso2022\/index.php?rest_route=%2Fwp%2Fv2%2Fmedia&parent=496"}],"curies":[{"name":"wp","href":"https:\/\/api.w.org\/{rel}","templated":true}]}}