{"id":61,"date":"2021-07-28T16:37:43","date_gmt":"2021-07-28T16:37:43","guid":{"rendered":"http:\/\/cieae2022.uclm.es\/?page_id=61"},"modified":"2022-03-28T23:24:47","modified_gmt":"2022-03-28T21:24:47","slug":"comite-cientifico","status":"publish","type":"page","link":"https:\/\/vciea-cea.uclm.es\/Congreso2022\/?page_id=61","title":{"rendered":"Comit\u00e9 cient\u00edfico"},"content":{"rendered":"\n<p class=\"has-text-align-left\"><strong>Isabel Mart\u00ednez<\/strong><br>(Universidad de Castilla-La Mancha, Espa\u00f1a) |<strong> Presidenta Ejecutiva<\/strong><\/p>\n\n\n\n<p class=\"has-text-align-left\"><strong>Feliciano H. Veiga<br><\/strong>(Universidade de Lisboa, Portugal) | <strong>Presidente Fundador<\/strong><\/p>\n\n\n\n<p><strong>Alicia Garrido <br><\/strong>(Universidad Complutense de Madrid, Espa\u00f1a)<\/p>\n\n\n\n<p class=\"has-text-align-left\"><strong>Ana Margarida Veiga Sim\u00e3o<\/strong><br>(Universidade de Lisboa, Portugal)<\/p>\n\n\n\n<p class=\"has-text-align-left\"><strong>Anabela Pereira<\/strong><br>(Universidade de Aveiro, Portugal)<\/p>\n\n\n\n<p><strong>Anielson Barbosa da Silva <br><\/strong>(Universidad Federal de Paraiba, Brasil)<\/p>\n\n\n\n<p class=\"has-text-align-left\"><strong>Antonio Bol\u00edvar Bot\u00eda<\/strong><br>(Universidad de Granada, Espa\u00f1a)<\/p>\n\n\n\n<p class=\"has-text-align-left\"><strong>Antonio Valle Arias<\/strong><br>(Universidad de A Coru\u00f1a, Espa\u00f1a)<\/p>\n\n\n\n<p><strong>B\u00e1rbara Luque<\/strong> <br>(Universidad de C\u00f3rdoba, Espa\u00f1a)\u00a0<\/p>\n\n\n\n<p class=\"has-text-align-left\"><strong>Bento Silva<\/strong><br>(Universidade do Minho, Portugal)<\/p>\n\n\n\n<p class=\"has-text-align-left\"><strong>Carles Monereo Font<\/strong><br>(Universidad Aut\u00f3noma de Barcelona, Espa\u00f1a)<\/p>\n\n\n\n<p class=\"has-text-align-left\"><strong>Carmen Tabernero<\/strong><br>(Universidad de Salamanca, Espa\u00f1a)<\/p>\n\n\n\n<p class=\"has-text-align-left\"><strong>Carolina Carvalho<\/strong><br>(Universidade Lisboa, Portugal)<\/p>\n\n\n\n<p><strong>Claisy Maria Marinho-Araujo <br><\/strong>(Universidade de Bras\u00edlia, Brasil)<\/p>\n\n\n\n<p><strong>Concei\u00e7\u00e3o Martins <br><\/strong>(Instituto Polit\u00e9cnico de Bragan\u00e7a, Portugal)<\/p>\n\n\n\n<p class=\"has-text-align-left\"><strong>Eduardo Pe\u00f1alosa Castro<\/strong><br>(Universidad Aut\u00f3noma Metropolitana de M\u00e9xico, M\u00e9xico)<\/p>\n\n\n\n<p><strong>Elena Mart\u00edn <br><\/strong>(Universidad Aut\u00f3noma de Madrid, Espa\u00f1a)<\/p>\n\n\n\n<p class=\"has-text-align-left\"><strong>Emilia Serra<\/strong><br>(Universidad de Valencia, Espa\u00f1a)<\/p>\n\n\n\n<p><strong>Enrique Gracia <br><\/strong>(Universidad de Valencia, Espa\u00f1a)<\/p>\n\n\n\n<p class=\"has-text-align-left\"><strong>Fernando Gon\u00e7alves<\/strong><br>(Universidade do Algarve, Portugal)<\/p>\n\n\n\n<p><strong>Filomena Covas <br><\/strong>(Instituto Polit\u00e9cnico de Lisboa, Portugal)<\/p>\n\n\n\n<p class=\"has-text-align-left\"><strong>Francisco P\u00e9rez Gonz\u00e1lez<\/strong><br>(Universidad de Valencia, Espa\u00f1a)<\/p>\n\n\n\n<p class=\"has-text-align-left\"><strong>Gonzalo Musitu Ochoa<\/strong><br>(Universidad Pablo Olavide, Espa\u00f1a)<\/p>\n\n\n\n<p class=\"has-text-align-left\"><strong>Isabel Festas<\/strong><br>(Universidade de Coimbra, Portugal)<strong><br><\/strong><br><strong>Isabel Menezes<\/strong><br>(Universidade do Porto, Portugal)<\/p>\n\n\n\n<p><strong>Jes\u00fas M. Canto <br><\/strong>(Universidad de M\u00e1laga, Espa\u00f1a)<\/p>\n\n\n\n<p class=\"has-text-align-left\"><strong>Jes\u00fas Miguel Jornet Meli\u00e1<\/strong><br>(Universidad de Valencia, Espa\u00f1a)<\/p>\n\n\n\n<p class=\"has-text-align-left\"><strong>Jes\u00fas Nicasio Garc\u00eda S\u00e1nchez<\/strong><br>(Universidad de Le\u00f3n, Espa\u00f1a)<\/p>\n\n\n\n<p class=\"has-text-align-left\"><strong>Jo\u00e3o Pedro Ponte<\/strong><br>(Universidade de Lisboa, Portugal)<\/p>\n\n\n\n<p class=\"has-text-align-left\"><strong>Joaqu\u00edn Gair\u00edn Sall\u00e1n<\/strong><br>(Universidad Aut\u00f3noma de Barcelona, Espa\u00f1a)<\/p>\n\n\n\n<p class=\"has-text-align-left\"><strong>Johnmarshall Reeve<\/strong><br>(Korea University, Corea del Sur)<\/p>\n\n\n\n<p class=\"has-text-align-left\"><strong>Jos\u00e9 Ignacio Aguaded-G\u00f3mez<\/strong><br>(Universidad de Huelva, Espa\u00f1a)<\/p>\n\n\n\n<p><strong>Jos\u00e9 Luis \u00c1lvaro <br><\/strong>(Universidad Complutense de Madrid, Espa\u00f1a)<\/p>\n\n\n\n<p class=\"has-text-align-left\"><strong>Jos\u00e9 Luis San Fabi\u00e1n Maroto<\/strong><br>(Universidad de Oviedo, Espa\u00f1a)<\/p>\n\n\n\n<p><strong>Jos\u00e9 Miguel Latorre Postigo<\/strong><br>(Universidad de Castilla-La Mancha, Espa\u00f1a)<\/p>\n\n\n\n<p class=\"has-text-align-left\"><strong>Jos\u00e9-Mar\u00eda Rom\u00e1n<\/strong><br>(Universidad de Valladolid, Espa\u00f1a)<\/p>\n\n\n\n<p class=\"has-text-align-left\"><strong>Juan Luis Castej\u00f3n Costa<\/strong><br>(Universidad de Alicante, Espa\u00f1a)<\/p>\n\n\n\n<p class=\"has-text-align-left\"><strong>Justino Magalh\u00e3es<\/strong><br>(Universidade de Lisboa, Portugal)<\/p>\n\n\n\n<p class=\"has-text-align-left\"><strong>Kathryn Wentzel<\/strong><br>(University of Maryland, USA)<\/p>\n\n\n\n<p class=\"has-text-align-left\"><strong>Leandro Almeida<\/strong><br>(Universidade do Minho, Portugal)<\/p>\n\n\n\n<p><strong>Leoncio Camino<\/strong> <br>(Universidade Federal da Para\u00edba, Brasil)<\/p>\n\n\n\n<p><strong>Liliana Faria<\/strong> <br>(Universidade Europeia, Portugal)<\/p>\n\n\n\n<p class=\"has-text-align-left\"><strong>Lu\u00eds Miguel Carvalho<\/strong><br>(Universidade de Lisboa, Portugal)<\/p>\n\n\n\n<p class=\"has-text-align-left\"><strong>Lu\u00edsa Faria<\/strong><br>(Universidade do Porto, Portugal)<\/p>\n\n\n\n<p class=\"has-text-align-left\"><strong>Madalena Melo<\/strong><br>(Universidade de \u00c9vora, Portugal)<\/p>\n\n\n\n<p class=\"has-text-align-left\"><strong>Maite Garaigordobil Landazabal<\/strong><br>(Universidad del Pa\u00eds Vasco, Espa\u00f1a)<\/p>\n\n\n\n<p class=\"has-text-align-left\"><strong>Manuel Montanero Fern\u00e1ndez<\/strong><br>(Universidad de Extremadura, Espa\u00f1a)<\/p>\n\n\n\n<p><strong>Maria Cl\u00e1udia Santos Lopes de Oliveira <br><\/strong>(Universidade de Bras\u00edlia, Brasil)<\/p>\n\n\n\n<p class=\"has-text-align-left\"><strong>Maria Jo\u00e3o Mogarro<\/strong><br>(Universidade de Lisboa, Portugal)<\/p>\n\n\n\n<p class=\"has-text-align-left\"><strong>Mar\u00eda Jos\u00e9 D\u00edaz Aguado<br>(<\/strong>Universidad Complutense de Madrid, Espa\u00f1a)<\/p>\n\n\n\n<p><strong>Marisol Lila <br><\/strong>(Universidad de Valencia, Espa\u00f1a)<\/p>\n\n\n\n<p class=\"has-text-align-left\"><strong>Pablo Fern\u00e1ndez Berrocal<br><\/strong>(Universidad de M\u00e1laga, Espa\u00f1a)<\/p>\n\n\n\n<p class=\"has-text-align-left\"><strong>Pedro Reis<\/strong><br>(Universidade de Lisboa, Portugal)<\/p>\n\n\n\n<p class=\"has-text-align-left\"><strong>Pedro Ros\u00e1rio<\/strong><br>(Universidade do Minho, Portugal)<\/p>\n\n\n\n<p class=\"has-text-align-left\"><strong>Pilar Arnaiz S\u00e1nchez<\/strong><br>(Universidad de Murcia, Espa\u00f1a)<\/p>\n\n\n\n<p class=\"has-text-align-left\"><strong>Pilar Lacasa D\u00edaz<\/strong><br>(Universidad de Alcal\u00e1, Espa\u00f1a)<\/p>\n\n\n\n<p class=\"has-text-align-left\"><strong>Rafael Feito Alonso<\/strong><br>(Universidad Complutense de Madrid, Espa\u00f1a)<\/p>\n\n\n\n<p class=\"has-text-align-left\"><strong>Rafael Garc\u00eda Ros<\/strong><br>(Universidad de Valencia, Espa\u00f1a)<\/p>\n\n\n\n<p class=\"has-text-align-left\"><strong>Raquel Guzzo<\/strong><br>(Universidade de Campinhas, Brasil)<\/p>\n\n\n\n<p class=\"has-text-align-left\"><strong>Rosario Ortega Ruiz<\/strong><br>(Universidad de C\u00f3rdoba, Espa\u00f1a)<\/p>\n\n\n\n<p class=\"has-text-align-left\"><strong>Shui-fong Lam<\/strong><br>(University of Hong Kong, China)<\/p>\n\n\n\n<p class=\"has-text-align-left\"><strong>Solange Wechsler<\/strong><br>(Universidade de Campinas, Brasil)<\/p>\n\n\n\n<p class=\"has-text-align-left\"><strong>Suzana Caldeira<\/strong><br>(Universidade dos A\u00e7ores, Portugal)<\/p>\n\n\n\n<p class=\"has-text-align-left\"><strong>V\u00edctor Santiuste Bermejo<\/strong><br>(Universidad Complutense de Madrid, Espa\u00f1a)<\/p>\n\n\n\n<p class=\"has-text-align-left\"><strong>Viorel Robu<\/strong><br>(University \u201cVasile Alecsandri\u00bb of Bacau, Romania)<\/p>\n\n\n\n<p class=\"has-text-align-left\"><strong>Xavier Bonal Sarr\u00f3<\/strong><br>(Universidad Aut\u00f3noma de Barcelona, Espa\u00f1a)<\/p>\n\n\n\n<p><\/p>\n","protected":false},"excerpt":{"rendered":"<p>Isabel Mart\u00ednez(Universidad de Castilla-La Mancha, Espa\u00f1a) | Presidenta Ejecutiva Feliciano H. Veiga(Universidade de Lisboa, Portugal) | Presidente Fundador Alicia Garrido<\/p>\n","protected":false},"author":1,"featured_media":0,"parent":59,"menu_order":0,"comment_status":"closed","ping_status":"closed","template":"","meta":{"ngg_post_thumbnail":0,"footnotes":""},"class_list":["post-61","page","type-page","status-publish","hentry","comments-off"],"_links":{"self":[{"href":"https:\/\/vciea-cea.uclm.es\/Congreso2022\/index.php?rest_route=\/wp\/v2\/pages\/61","targetHints":{"allow":["GET"]}}],"collection":[{"href":"https:\/\/vciea-cea.uclm.es\/Congreso2022\/index.php?rest_route=\/wp\/v2\/pages"}],"about":[{"href":"https:\/\/vciea-cea.uclm.es\/Congreso2022\/index.php?rest_route=\/wp\/v2\/types\/page"}],"author":[{"embeddable":true,"href":"https:\/\/vciea-cea.uclm.es\/Congreso2022\/index.php?rest_route=\/wp\/v2\/users\/1"}],"replies":[{"embeddable":true,"href":"https:\/\/vciea-cea.uclm.es\/Congreso2022\/index.php?rest_route=%2Fwp%2Fv2%2Fcomments&post=61"}],"version-history":[{"count":23,"href":"https:\/\/vciea-cea.uclm.es\/Congreso2022\/index.php?rest_route=\/wp\/v2\/pages\/61\/revisions"}],"predecessor-version":[{"id":577,"href":"https:\/\/vciea-cea.uclm.es\/Congreso2022\/index.php?rest_route=\/wp\/v2\/pages\/61\/revisions\/577"}],"up":[{"embeddable":true,"href":"https:\/\/vciea-cea.uclm.es\/Congreso2022\/index.php?rest_route=\/wp\/v2\/pages\/59"}],"wp:attachment":[{"href":"https:\/\/vciea-cea.uclm.es\/Congreso2022\/index.php?rest_route=%2Fwp%2Fv2%2Fmedia&parent=61"}],"curies":[{"name":"wp","href":"https:\/\/api.w.org\/{rel}","templated":true}]}}