{"id":63,"date":"2021-07-28T16:53:38","date_gmt":"2021-07-28T16:53:38","guid":{"rendered":"http:\/\/cieae2022.uclm.es\/?page_id=63"},"modified":"2022-03-03T22:23:48","modified_gmt":"2022-03-03T21:23:48","slug":"comite-organizador","status":"publish","type":"page","link":"https:\/\/vciea-cea.uclm.es\/Congreso2022\/?page_id=63","title":{"rendered":"Comit\u00e9 organizador"},"content":{"rendered":"\n<p class=\"has-text-align-left\" style=\"font-size:16px\"><strong>Isabel Mart\u00ednez<br><\/strong>(Universidad de Castilla-La Mancha) | Presidenta Ejecutiva <\/p>\n\n\n\n<p class=\"has-text-align-left\" style=\"font-size:16px\"><strong>Feliciano H. Veiga<br><\/strong>(Universidade de Lisboa) | Presidente Fundador<\/p>\n\n\n\n<p class=\"has-text-align-left\" style=\"font-size:16px\"><strong>Carolina Carvalho<br><\/strong>(Universidade de Lisboa)<\/p>\n\n\n\n<p class=\"has-text-align-left\" style=\"font-size:16px\"><strong>Cristina Serna<br><\/strong>(Universidad de Castilla-La Mancha)<\/p>\n\n\n\n<p style=\"font-size:16px\"><strong>Elena Delgado<\/strong> <br>(Universidad de Castilla-La Mancha)<\/p>\n\n\n\n<p style=\"font-size:16px\"><strong>Iris Oliveira<br><\/strong>(Universidad Cat\u00f3lica de Portugal)<\/p>\n\n\n\n<p class=\"has-text-align-left\" style=\"font-size:16px\"><strong>Joan Garc\u00eda-Perales<br><\/strong>(Universidad de Valencia)<\/p>\n\n\n\n<p style=\"font-size:16px\"><strong>Jo\u00e3o Piedade<br><\/strong>(Universidade de Lisboa)<\/p>\n\n\n\n<p style=\"font-size:16px\"><strong>Jorge Javier Ricalte<br><\/strong>(Universidad de Castilla-La Mancha)<\/p>\n\n\n\n<p style=\"font-size:16px\"><strong>Jos\u00e9 Iv\u00e1n San Jos\u00e9 Vieco<br><\/strong>(Universidad de Castilla-La Mancha)<\/p>\n\n\n\n<p style=\"font-size:16px\"><strong>Laura Jim\u00e9nez<br><\/strong>(Universidad de Castilla-La Mancha)<\/p>\n\n\n\n<p class=\"has-text-align-left\" style=\"font-size:16px\"><strong>Maria Jo\u00e3o Mogarro<br><\/strong>(Universidade de Lisboa)<\/p>\n\n\n\n<p style=\"font-size:16px\"><strong>Nuno Archer<br><\/strong>(Universidade de Lisboa)<\/p>\n\n\n\n<p style=\"font-size:16px\"><strong>Pablo Queiroz&nbsp;<br><\/strong>(Universidad Federal do Rio Grande do Norte)<\/p>\n\n\n\n<p style=\"font-size:16px\"><strong>Ruth Garc\u00eda Mart\u00edn<br><\/strong>(Universidad de Castilla-La Mancha)<\/p>\n\n\n\n<p class=\"has-text-align-left\" style=\"font-size:16px\"><strong>Sofia Raposo<br><\/strong>(Universidade de Lisboa)<\/p>\n\n\n\n<p class=\"has-text-align-left\" style=\"font-size:16px\"><strong>Trinidad S\u00e1nchez<br><\/strong>(Universidad de Castilla-La Mancha)<\/p>\n","protected":false},"excerpt":{"rendered":"<p>Isabel Mart\u00ednez(Universidad de Castilla-La Mancha) | Presidenta Ejecutiva Feliciano H. Veiga(Universidade de Lisboa) | Presidente Fundador Carolina Carvalho(Universidade de Lisboa)<\/p>\n","protected":false},"author":1,"featured_media":0,"parent":59,"menu_order":0,"comment_status":"closed","ping_status":"closed","template":"","meta":{"ngg_post_thumbnail":0,"footnotes":""},"class_list":["post-63","page","type-page","status-publish","hentry","comments-off"],"_links":{"self":[{"href":"https:\/\/vciea-cea.uclm.es\/Congreso2022\/index.php?rest_route=\/wp\/v2\/pages\/63","targetHints":{"allow":["GET"]}}],"collection":[{"href":"https:\/\/vciea-cea.uclm.es\/Congreso2022\/index.php?rest_route=\/wp\/v2\/pages"}],"about":[{"href":"https:\/\/vciea-cea.uclm.es\/Congreso2022\/index.php?rest_route=\/wp\/v2\/types\/page"}],"author":[{"embeddable":true,"href":"https:\/\/vciea-cea.uclm.es\/Congreso2022\/index.php?rest_route=\/wp\/v2\/users\/1"}],"replies":[{"embeddable":true,"href":"https:\/\/vciea-cea.uclm.es\/Congreso2022\/index.php?rest_route=%2Fwp%2Fv2%2Fcomments&post=63"}],"version-history":[{"count":16,"href":"https:\/\/vciea-cea.uclm.es\/Congreso2022\/index.php?rest_route=\/wp\/v2\/pages\/63\/revisions"}],"predecessor-version":[{"id":517,"href":"https:\/\/vciea-cea.uclm.es\/Congreso2022\/index.php?rest_route=\/wp\/v2\/pages\/63\/revisions\/517"}],"up":[{"embeddable":true,"href":"https:\/\/vciea-cea.uclm.es\/Congreso2022\/index.php?rest_route=\/wp\/v2\/pages\/59"}],"wp:attachment":[{"href":"https:\/\/vciea-cea.uclm.es\/Congreso2022\/index.php?rest_route=%2Fwp%2Fv2%2Fmedia&parent=63"}],"curies":[{"name":"wp","href":"https:\/\/api.w.org\/{rel}","templated":true}]}}