{"id":99,"date":"2021-07-28T17:09:19","date_gmt":"2021-07-28T17:09:19","guid":{"rendered":"http:\/\/cieae2022.uclm.es\/?page_id=99"},"modified":"2022-05-27T19:14:36","modified_gmt":"2022-05-27T17:14:36","slug":"programa-cultural","status":"publish","type":"page","link":"https:\/\/vciea-cea.uclm.es\/Congreso2022\/?page_id=99","title":{"rendered":"Cena y programa cultural"},"content":{"rendered":"\n<h2 class=\"wp-block-heading\"><strong>CENA IVCIEAE<\/strong><\/h2>\n\n\n\n<p>La cena del congreso tendr\u00e1 lugar en el patio del <a href=\"https:\/\/www.parador.es\/es\/paradores\/parador-de-cuenca\" target=\"_blank\" rel=\"noreferrer noopener\">Parador de Cuenca<\/a> el d\u00eda 20 a las 21h.<\/p>\n\n\n\n<p><strong>Men\u00fa<\/strong><\/p>\n\n\n\n<p><strong>Aperitivos:<\/strong><\/p>\n\n\n\n<p>Crema fr\u00eda de tomate rosa, nieve de AOVE.<br>Nuestra ensaladilla rusa, bonito del norte.<br>Tartar de salm\u00f3n con encurtidos, huevas de tobiko.<br>Gyozas de boletus, pistachos manchegos.<br>Chipirones fritos en harina de garbanzos.<\/p>\n\n\n\n<p><strong>Segundo a elegir:<\/strong><\/p>\n\n\n\n<ol class=\"wp-block-list\" type=\"1\"><li>Sepia a la plancha con pesto, humus de remolacha.<\/li><li>Ventresca de at\u00fan parrilla, gachas marinas, concasse de aceitunas verdes.<\/li><li>Presa a la brasa de carb\u00f3n ecol\u00f3gico, cremoso de patata.<\/li><\/ol>\n\n\n\n<p><strong>Postre:<\/strong><\/p>\n\n\n\n<p>Helado de queso manchego artesano, gelatina de miel de la Alcarria.<\/p>\n\n\n<div class=\"wp-block-image is-style-default\">\n<figure class=\"aligncenter size-large is-resized\"><a href=\"https:\/\/cieae2022.uclm.es\/wp-content\/uploads\/2022\/05\/Parador-Cuenca-IV-CIEAE.jpg\" target=\"_blank\" rel=\"noreferrer noopener\"><img loading=\"lazy\" decoding=\"async\" src=\"https:\/\/cieae2022.uclm.es\/wp-content\/uploads\/2022\/05\/Parador-Cuenca-IV-CIEAE-1024x766.jpg\" alt=\"\" class=\"wp-image-628\" width=\"274\" height=\"205\" srcset=\"https:\/\/vciea-cea.uclm.es\/Congreso2022\/wp-content\/uploads\/2022\/05\/Parador-Cuenca-IV-CIEAE-1024x766.jpg 1024w, https:\/\/vciea-cea.uclm.es\/Congreso2022\/wp-content\/uploads\/2022\/05\/Parador-Cuenca-IV-CIEAE-300x224.jpg 300w, https:\/\/vciea-cea.uclm.es\/Congreso2022\/wp-content\/uploads\/2022\/05\/Parador-Cuenca-IV-CIEAE-768x575.jpg 768w, https:\/\/vciea-cea.uclm.es\/Congreso2022\/wp-content\/uploads\/2022\/05\/Parador-Cuenca-IV-CIEAE-1536x1149.jpg 1536w, https:\/\/vciea-cea.uclm.es\/Congreso2022\/wp-content\/uploads\/2022\/05\/Parador-Cuenca-IV-CIEAE.jpg 1798w\" sizes=\"auto, (max-width: 274px) 100vw, 274px\" \/><\/a><\/figure>\n<\/div>\n\n\n<p>El men\u00fa tiene un coste de 35\u20ac. Para participar es necesario hacer la reserva antes del 10 de Julio en el siguiente enlace:<\/p>\n\n\n\n<p><a href=\"https:\/\/fundacionuclm.es\/es\/s1\/69-cena-cieae-2022.html\" target=\"_blank\" rel=\"noreferrer noopener\">https:\/\/fundacionuclm.es\/es\/s1\/69-cena-cieae-2022.html<\/a><\/p>\n\n\n\n<p>O bien mediante transferencia bancaria especificando en el concepto (CENA CIEAE y el nombre y apellidos del asistente) en la siguiente cuenta:<\/p>\n\n\n\n<p><strong>Entidad<\/strong>: Banco Santander<br><strong>SWIFT Code<\/strong>: BSCHESMMXXX<br><strong>IBAN<\/strong>: ES40 0049 4907 2524 1729 9797<br><strong>N\u00famero de Cuenta\/Account No<\/strong>: 0049 4907 25 2417299797<br><strong>Direcci\u00f3n<\/strong>: Avenida de Alarcos, 4, CP: 13001 Ciudad Real<br><strong>Beneficiario<\/strong>: Fundaci\u00f3n General de la Universidad de Castilla-La Mancha (NIF: G13289806)<\/p>\n\n\n\n<h2 class=\"wp-block-heading\"><strong>Programa cultural<\/strong><\/h2>\n\n\n\n<p>El 7 de diciembre de 1996 Cuenca fue declarada por la UNESCO Ciudad Patrimonio de la Humanidad, gracias a su magn\u00edfica preservaci\u00f3n del entorno urbano original, fortaleza medieval, su rica arquitectura civil y religiosa desde los siglos XII al XVIII, y a esa excepcional fusi\u00f3n de la ciudad con el bell\u00edsimo entorno natural en que se enclava.<\/p>\n\n\n\n<p>En Cuenca se dan cita historia, arte, cultura, paisaje y naturaleza. A la riqueza de su patrimonio monumental, se une una notable oferta muse\u00edstica (Museo de Arte Abstracto Espa\u00f1ol, Fundaci\u00f3n Antonio P\u00e9rez, Fundaci\u00f3n Saura, etc. )<\/p>\n\n\n\n<ul class=\"wp-block-list\"><li><a rel=\"noreferrer noopener\" href=\"https:\/\/visitacuenca.es\/es\/ciudad-y-paisaje-urbano\" target=\"_blank\">Lugares de inter\u00e9s<\/a><\/li><li><a rel=\"noreferrer noopener\" href=\"https:\/\/visitacuenca.es\/es\/el-legado-de-la-iglesia\" target=\"_blank\">Monumentos<\/a><\/li><li><a rel=\"noreferrer noopener\" href=\"https:\/\/visitacuenca.es\/es\/museos\" target=\"_blank\">Museos<\/a><\/li><li><a rel=\"noreferrer noopener\" href=\"https:\/\/visitacuenca.es\/es\/arte-contemporaneo\" target=\"_blank\">Arte contempor\u00e1neo<\/a><\/li><\/ul>\n","protected":false},"excerpt":{"rendered":"<p>CENA IVCIEAE La cena del congreso tendr\u00e1 lugar en el patio del Parador de Cuenca el d\u00eda 20 a las<\/p>\n","protected":false},"author":1,"featured_media":0,"parent":95,"menu_order":0,"comment_status":"closed","ping_status":"closed","template":"","meta":{"ngg_post_thumbnail":0,"footnotes":""},"class_list":["post-99","page","type-page","status-publish","hentry","comments-off"],"_links":{"self":[{"href":"https:\/\/vciea-cea.uclm.es\/Congreso2022\/index.php?rest_route=\/wp\/v2\/pages\/99","targetHints":{"allow":["GET"]}}],"collection":[{"href":"https:\/\/vciea-cea.uclm.es\/Congreso2022\/index.php?rest_route=\/wp\/v2\/pages"}],"about":[{"href":"https:\/\/vciea-cea.uclm.es\/Congreso2022\/index.php?rest_route=\/wp\/v2\/types\/page"}],"author":[{"embeddable":true,"href":"https:\/\/vciea-cea.uclm.es\/Congreso2022\/index.php?rest_route=\/wp\/v2\/users\/1"}],"replies":[{"embeddable":true,"href":"https:\/\/vciea-cea.uclm.es\/Congreso2022\/index.php?rest_route=%2Fwp%2Fv2%2Fcomments&post=99"}],"version-history":[{"count":10,"href":"https:\/\/vciea-cea.uclm.es\/Congreso2022\/index.php?rest_route=\/wp\/v2\/pages\/99\/revisions"}],"predecessor-version":[{"id":636,"href":"https:\/\/vciea-cea.uclm.es\/Congreso2022\/index.php?rest_route=\/wp\/v2\/pages\/99\/revisions\/636"}],"up":[{"embeddable":true,"href":"https:\/\/vciea-cea.uclm.es\/Congreso2022\/index.php?rest_route=\/wp\/v2\/pages\/95"}],"wp:attachment":[{"href":"https:\/\/vciea-cea.uclm.es\/Congreso2022\/index.php?rest_route=%2Fwp%2Fv2%2Fmedia&parent=99"}],"curies":[{"name":"wp","href":"https:\/\/api.w.org\/{rel}","templated":true}]}}